{"id":43,"date":"2022-07-11T05:05:44","date_gmt":"2022-07-11T05:05:44","guid":{"rendered":"https:\/\/corporativojjloc.com.mx\/?page_id=43"},"modified":"2022-07-17T15:00:18","modified_gmt":"2022-07-17T21:00:18","slug":"inicio","status":"publish","type":"page","link":"https:\/\/herperconsultores.com.mx\/","title":{"rendered":"Inicio"},"content":{"rendered":"\n<div class=\"wp-block-media-text alignwide is-stacked-on-mobile\"><figure class=\"wp-block-media-text__media\"><img decoding=\"async\" src=\"https:\/\/corporativojjloc.com.mx\/wp-content\/uploads\/2022\/07\/Analisis_de_la_contabilidad_de_costes_para_la_mejora_de_la_toma_de_decisiones-1024x683.jpg\" alt=\"\" class=\"wp-image-63 size-full\"\/><\/figure><div class=\"wp-block-media-text__content\">\n<h2 class=\"wp-block-heading\">Nosotros<\/h2>\n\n\n\n<hr class=\"wp-block-separator has-alpha-channel-opacity is-style-wide\"\/>\n\n\n\n<p>Somos un despacho contable fundado desde el 2014 con la misi\u00f3n de generar confianza en nuestros clientes. Adem\u00e1s de ser un grupo de profesionales que proveen salud financiera.<\/p>\n<\/div><\/div>\n\n\n\n<div class=\"wp-block-media-text alignwide has-media-on-the-right is-stacked-on-mobile\"><figure class=\"wp-block-media-text__media\"><img loading=\"lazy\" decoding=\"async\" width=\"1024\" height=\"683\" src=\"https:\/\/herperconsultores.com.mx\/wp-content\/uploads\/2022\/07\/contabilidad-de-empresa-1024x683.jpg\" alt=\"\" class=\"wp-image-65 size-full\" srcset=\"https:\/\/herperconsultores.com.mx\/wp-content\/uploads\/2022\/07\/contabilidad-de-empresa-1024x683.jpg 1024w, https:\/\/herperconsultores.com.mx\/wp-content\/uploads\/2022\/07\/contabilidad-de-empresa-300x200.jpg 300w, https:\/\/herperconsultores.com.mx\/wp-content\/uploads\/2022\/07\/contabilidad-de-empresa-768x512.jpg 768w, https:\/\/herperconsultores.com.mx\/wp-content\/uploads\/2022\/07\/contabilidad-de-empresa-1536x1024.jpg 1536w, https:\/\/herperconsultores.com.mx\/wp-content\/uploads\/2022\/07\/contabilidad-de-empresa.jpg 1920w\" sizes=\"auto, (max-width: 1024px) 100vw, 1024px\" \/><\/figure><div class=\"wp-block-media-text__content\">\n<h2 class=\"wp-block-heading\">Servicios<\/h2>\n\n\n\n<hr class=\"wp-block-separator has-alpha-channel-opacity is-style-wide\"\/>\n\n\n\n<ul class=\"wp-block-list\"><li>Servicios contables<\/li><li>Servicios de c\u00e1lculo de n\u00f3mina<\/li><li>Servicios de presentaci\u00f3n de impuestos<\/li><li>Automatizaci\u00f3n de contabilidad<\/li><li>Administraci\u00f3n completa<\/li><li>Facturaci\u00f3n y cuentas por cobrar<\/li><\/ul>\n<\/div><\/div>\n\n\n\n<div class=\"wp-block-media-text alignwide is-stacked-on-mobile\"><figure class=\"wp-block-media-text__media\"><img loading=\"lazy\" decoding=\"async\" width=\"1024\" height=\"576\" src=\"https:\/\/herperconsultores.com.mx\/wp-content\/uploads\/2022\/07\/portada-contabilidad-1024x576.jpg\" alt=\"\" class=\"wp-image-64 size-full\" srcset=\"https:\/\/herperconsultores.com.mx\/wp-content\/uploads\/2022\/07\/portada-contabilidad-1024x576.jpg 1024w, https:\/\/herperconsultores.com.mx\/wp-content\/uploads\/2022\/07\/portada-contabilidad-300x169.jpg 300w, https:\/\/herperconsultores.com.mx\/wp-content\/uploads\/2022\/07\/portada-contabilidad-768x432.jpg 768w, https:\/\/herperconsultores.com.mx\/wp-content\/uploads\/2022\/07\/portada-contabilidad.jpg 1200w\" sizes=\"auto, (max-width: 1024px) 100vw, 1024px\" \/><\/figure><div class=\"wp-block-media-text__content\">\n<h2 class=\"wp-block-heading\">Soluciones para ti<\/h2>\n\n\n\n<hr class=\"wp-block-separator has-alpha-channel-opacity is-style-wide\"\/>\n\n\n\n<p>Servicios contables, servicios fiscales, servicios de revisi\u00f3n de impuestos, dise\u00f1o de estrategias fiscales, servicios de consultor\u00eda en fiscal.<\/p>\n<\/div><\/div>\n\n\n\n<div class=\"wp-block-media-text alignwide has-media-on-the-right is-stacked-on-mobile\"><figure class=\"wp-block-media-text__media\"><img loading=\"lazy\" decoding=\"async\" width=\"1024\" height=\"576\" src=\"https:\/\/herperconsultores.com.mx\/wp-content\/uploads\/2022\/07\/trabajador-llamando-por-telefono-en-una-oficina-1024x576.png\" alt=\"\" class=\"wp-image-66 size-full\" srcset=\"https:\/\/herperconsultores.com.mx\/wp-content\/uploads\/2022\/07\/trabajador-llamando-por-telefono-en-una-oficina-1024x576.png 1024w, https:\/\/herperconsultores.com.mx\/wp-content\/uploads\/2022\/07\/trabajador-llamando-por-telefono-en-una-oficina-300x169.png 300w, https:\/\/herperconsultores.com.mx\/wp-content\/uploads\/2022\/07\/trabajador-llamando-por-telefono-en-una-oficina-768x432.png 768w, https:\/\/herperconsultores.com.mx\/wp-content\/uploads\/2022\/07\/trabajador-llamando-por-telefono-en-una-oficina.png 1200w\" sizes=\"auto, (max-width: 1024px) 100vw, 1024px\" \/><\/figure><div class=\"wp-block-media-text__content\">\n<h2 class=\"wp-block-heading\">Para m\u00e1s informaci\u00f3n, no dude en contactarnos.<\/h2>\n\n\n\n<hr class=\"wp-block-separator has-alpha-channel-opacity is-style-wide\"\/>\n\n\n\n<p>Tel\u00e9fono <br><strong>55 2272 7207<\/strong><br><br>Correo Electr\u00f3nico:<br><strong>info@herperconsultores.com<\/strong><br><\/p>\n\n\n\n<hr class=\"wp-block-separator has-alpha-channel-opacity is-style-dots\"\/>\n\n\n\n<div class=\"wp-block-buttons is-layout-flex wp-block-buttons-is-layout-flex\">\n<div class=\"wp-block-button\"><a class=\"wp-block-button__link\" href=\"https:\/\/herperconsultores.com.mx\/index.php\/contacto\/\">Contacto<\/a><\/div>\n<\/div>\n<\/div><\/div>\n","protected":false},"excerpt":{"rendered":"","protected":false},"author":1,"featured_media":29,"parent":0,"menu_order":0,"comment_status":"closed","ping_status":"closed","template":"","meta":{"footnotes":""},"class_list":["post-43","page","type-page","status-publish","has-post-thumbnail","hentry"],"_links":{"self":[{"href":"https:\/\/herperconsultores.com.mx\/index.php\/wp-json\/wp\/v2\/pages\/43","targetHints":{"allow":["GET"]}}],"collection":[{"href":"https:\/\/herperconsultores.com.mx\/index.php\/wp-json\/wp\/v2\/pages"}],"about":[{"href":"https:\/\/herperconsultores.com.mx\/index.php\/wp-json\/wp\/v2\/types\/page"}],"author":[{"embeddable":true,"href":"https:\/\/herperconsultores.com.mx\/index.php\/wp-json\/wp\/v2\/users\/1"}],"replies":[{"embeddable":true,"href":"https:\/\/herperconsultores.com.mx\/index.php\/wp-json\/wp\/v2\/comments?post=43"}],"version-history":[{"count":2,"href":"https:\/\/herperconsultores.com.mx\/index.php\/wp-json\/wp\/v2\/pages\/43\/revisions"}],"predecessor-version":[{"id":107,"href":"https:\/\/herperconsultores.com.mx\/index.php\/wp-json\/wp\/v2\/pages\/43\/revisions\/107"}],"wp:featuredmedia":[{"embeddable":true,"href":"https:\/\/herperconsultores.com.mx\/index.php\/wp-json\/wp\/v2\/media\/29"}],"wp:attachment":[{"href":"https:\/\/herperconsultores.com.mx\/index.php\/wp-json\/wp\/v2\/media?parent=43"}],"curies":[{"name":"wp","href":"https:\/\/api.w.org\/{rel}","templated":true}]}}